{"id":22905,"date":"2025-02-26T21:34:53","date_gmt":"2025-02-27T01:34:53","guid":{"rendered":"https:\/\/mmcereais.com.br\/sobre-nos\/"},"modified":"2025-04-14T13:00:17","modified_gmt":"2025-04-14T17:00:17","slug":"sobre-nos","status":"publish","type":"page","link":"https:\/\/mmcereais.com.br\/en\/sobre-nos\/","title":{"rendered":"About Us"},"content":{"rendered":"<div data-elementor-type=\"wp-page\" data-elementor-id=\"22905\" class=\"elementor elementor-22905\" data-elementor-post-type=\"page\">\n\t\t\t\t<div class=\"elementor-element elementor-element-e7a8126 scheme_light e-con-full e-flex e-con e-parent\" data-id=\"e7a8126\" data-element_type=\"container\" data-settings=\"{&quot;background_background&quot;:&quot;classic&quot;}\">\n\t\t\t\t<div class=\"elementor-element elementor-element-13faeda1 elementor-widget elementor-widget-shortcode\" data-id=\"13faeda1\" data-element_type=\"widget\" data-widget_type=\"shortcode.default\">\n\t\t\t\t\t\t\t<div class=\"elementor-shortcode\">\t\t<div data-elementor-type=\"section\" data-elementor-id=\"22481\" class=\"elementor elementor-22481\" data-elementor-post-type=\"elementor_library\">\n\t\t\t<div class=\"elementor-element elementor-element-259079b9 e-flex e-con-boxed elementor-invisible e-con e-parent\" data-id=\"259079b9\" data-element_type=\"container\" data-settings=\"{&quot;background_background&quot;:&quot;classic&quot;,&quot;animation&quot;:&quot;fadeInDown&quot;}\">\n\t\t\t\t\t<div class=\"e-con-inner\">\n\t\t\t\t<div class=\"elementor-element elementor-element-3001debb animated-slow elementor-view-default elementor-invisible elementor-widget elementor-widget-icon\" data-id=\"3001debb\" data-element_type=\"widget\" data-settings=\"{&quot;_animation&quot;:&quot;fadeInDown&quot;}\" data-widget_type=\"icon.default\">\n\t\t\t\t\t\t\t<div class=\"elementor-icon-wrapper\">\n\t\t\t<a class=\"elementor-icon\" href=\"#navegacao-seta-breadcrumb\">\n\t\t\t<svg aria-hidden=\"true\" class=\"e-font-icon-svg e-fas-chevron-down\" viewbox=\"0 0 448 512\" xmlns=\"http:\/\/www.w3.org\/2000\/svg\"><path d=\"M207.029 381.476L12.686 187.132c-9.373-9.373-9.373-24.569 0-33.941l22.667-22.667c9.357-9.357 24.522-9.375 33.901-.04L224 284.505l154.745-154.021c9.379-9.335 24.544-9.317 33.901.04l22.667 22.667c9.373 9.373 9.373 24.569 0 33.941L240.971 381.476c-9.373 9.372-24.569 9.372-33.942 0z\"><\/path><\/svg>\t\t\t<\/a>\n\t\t<\/div>\n\t\t\t\t\t\t<\/div>\n\t\t\t\t\t<\/div>\n\t\t\t\t<\/div>\n\t\t\t\t<\/div>\n\t\t<\/div>\n\t\t\t\t\t\t<\/div>\n\t\t\t\t<\/div>\n\t\t<div class=\"elementor-element elementor-element-2331c6f3 e-con-full e-flex e-con e-parent\" data-id=\"2331c6f3\" data-element_type=\"container\" id=\"navegacao-seta-breadcrumb\" data-settings=\"{&quot;background_background&quot;:&quot;classic&quot;}\">\n\t\t\t\t<div class=\"elementor-element elementor-element-125394e4 elementor-widget elementor-widget-shortcode\" data-id=\"125394e4\" data-element_type=\"widget\" data-widget_type=\"shortcode.default\">\n\t\t\t\t\t\t\t<div class=\"elementor-shortcode\">\t\t<div data-elementor-type=\"section\" data-elementor-id=\"22485\" class=\"elementor elementor-22485\" data-elementor-post-type=\"elementor_library\">\n\t\t\t<div class=\"elementor-element elementor-element-2dd9d889 scheme_light e-flex e-con-boxed elementor-invisible e-con e-parent\" data-id=\"2dd9d889\" data-element_type=\"container\" data-settings=\"{&quot;background_background&quot;:&quot;classic&quot;,&quot;animation&quot;:&quot;fadeInUp&quot;}\">\n\t\t\t\t\t<div class=\"e-con-inner\">\n\t\t<div class=\"elementor-element elementor-element-2aaabf88 e-con-full e-flex e-con e-child\" data-id=\"2aaabf88\" data-element_type=\"container\">\n\t\t<div class=\"elementor-element elementor-element-7f32f4d7 e-con-full e-flex e-con e-child\" data-id=\"7f32f4d7\" data-element_type=\"container\">\n\t\t\t\t<div class=\"elementor-element elementor-element-7106da64 no-title elementor-widget elementor-widget-image\" data-id=\"7106da64\" data-element_type=\"widget\" data-widget_type=\"image.default\">\n\t\t\t\t\t\t\t\t\t\t\t\t\t\t\t<img fetchpriority=\"high\" decoding=\"async\" width=\"461\" height=\"691\" src=\"https:\/\/mmcereais.com.br\/wp-content\/uploads\/2020\/04\/various-legumes-in-bowls-2023-11-27-04-50-34-utc.jpg\" class=\"attachment-full size-full wp-image-22639\" alt=\"Pulses: Feij\u00f5es: Mungo Preto, Mungo Verde e Caupis\" srcset=\"https:\/\/mmcereais.com.br\/wp-content\/uploads\/2020\/04\/various-legumes-in-bowls-2023-11-27-04-50-34-utc.jpg 461w, https:\/\/mmcereais.com.br\/wp-content\/uploads\/2020\/04\/various-legumes-in-bowls-2023-11-27-04-50-34-utc-200x300.jpg 200w, https:\/\/mmcereais.com.br\/wp-content\/uploads\/2020\/04\/various-legumes-in-bowls-2023-11-27-04-50-34-utc-8x12.jpg 8w, https:\/\/mmcereais.com.br\/wp-content\/uploads\/2020\/04\/various-legumes-in-bowls-2023-11-27-04-50-34-utc-370x555.jpg 370w, https:\/\/mmcereais.com.br\/wp-content\/uploads\/2020\/04\/various-legumes-in-bowls-2023-11-27-04-50-34-utc-410x615.jpg 410w\" sizes=\"(max-width: 600px) 100vw, 461px\" \/>\t\t\t\t\t\t\t\t\t\t\t\t\t\t\t<\/div>\n\t\t\t\t<div class=\"elementor-element elementor-element-7cbcd1ca sc_height_large sc_layouts_hide_on_mobile elementor-widget elementor-widget-spacer\" data-id=\"7cbcd1ca\" data-element_type=\"widget\" data-widget_type=\"spacer.default\">\n\t\t\t\t\t\t\t<div class=\"elementor-spacer\">\n\t\t\t<div class=\"elementor-spacer-inner\"><\/div>\n\t\t<\/div>\n\t\t\t\t\t\t<\/div>\n\t\t\t\t<\/div>\n\t\t<div class=\"elementor-element elementor-element-2b8f21b7 e-con-full e-flex e-con e-child\" data-id=\"2b8f21b7\" data-element_type=\"container\">\n\t\t\t\t<div class=\"elementor-element elementor-element-6f074267 no-title elementor-widget elementor-widget-image\" data-id=\"6f074267\" data-element_type=\"widget\" data-widget_type=\"image.default\">\n\t\t\t\t\t\t\t\t\t\t\t\t\t\t\t<img decoding=\"async\" width=\"392\" height=\"392\" src=\"https:\/\/mmcereais.com.br\/wp-content\/uploads\/2020\/04\/flat-lay-food-background-made-of-legumes-cereals-a-2023-11-27-05-13-09-utc.jpg\" class=\"attachment-full size-full wp-image-22632\" alt=\"Comercio de Cereais MM CEREAIS\" srcset=\"https:\/\/mmcereais.com.br\/wp-content\/uploads\/2020\/04\/flat-lay-food-background-made-of-legumes-cereals-a-2023-11-27-05-13-09-utc.jpg 392w, https:\/\/mmcereais.com.br\/wp-content\/uploads\/2020\/04\/flat-lay-food-background-made-of-legumes-cereals-a-2023-11-27-05-13-09-utc-300x300.jpg 300w, https:\/\/mmcereais.com.br\/wp-content\/uploads\/2020\/04\/flat-lay-food-background-made-of-legumes-cereals-a-2023-11-27-05-13-09-utc-150x150.jpg 150w, https:\/\/mmcereais.com.br\/wp-content\/uploads\/2020\/04\/flat-lay-food-background-made-of-legumes-cereals-a-2023-11-27-05-13-09-utc-12x12.jpg 12w, https:\/\/mmcereais.com.br\/wp-content\/uploads\/2020\/04\/flat-lay-food-background-made-of-legumes-cereals-a-2023-11-27-05-13-09-utc-370x370.jpg 370w, https:\/\/mmcereais.com.br\/wp-content\/uploads\/2020\/04\/flat-lay-food-background-made-of-legumes-cereals-a-2023-11-27-05-13-09-utc-120x120.jpg 120w\" sizes=\"(max-width: 600px) 100vw, 392px\" \/>\t\t\t\t\t\t\t\t\t\t\t\t\t\t\t<\/div>\n\t\t\t\t<\/div>\n\t\t\t\t<\/div>\n\t\t<div class=\"elementor-element elementor-element-15af381d e-con-full e-flex e-con e-child\" data-id=\"15af381d\" data-element_type=\"container\">\n\t\t\t\t<div class=\"elementor-element elementor-element-747e3fb5 scheme_belacereais sc_fly_static elementor-widget elementor-widget-trx_sc_title\" data-id=\"747e3fb5\" data-element_type=\"widget\" data-widget_type=\"trx_sc_title.default\">\n\t\t\t\t<div class=\"elementor-widget-container\">\n\t\t\t\t\t<div\t\tclass=\"sc_title color_style_dark scheme_belacereais sc_title_default\" ><h1 class=\"sc_item_title sc_title_title sc_align_left sc_item_title_style_default sc_item_title_tag trx_addons_inline_1092468386\"\n\t\t\t><span class=\"sc_item_title_text\">MM Cereais<\/span><\/h1><span class=\"sc_item_subtitle sc_title_subtitle sc_align_left sc_item_subtitle_below sc_item_title_style_default\">Overall quality in every bean<\/span><\/div>\t\t\t\t<\/div>\n\t\t\t\t<\/div>\n\t\t\t\t<div class=\"elementor-element elementor-element-fa043e7 elementor-widget elementor-widget-text-editor\" data-id=\"fa043e7\" data-element_type=\"widget\" data-widget_type=\"text-editor.default\">\n\t\t\t\t\t\t\t\t\t<p>Founded in 2018, MM Com\u00e9rcio de Cereais was created with the purpose of connecting producers and markets, offering efficient solutions for the commercialization of grains and cereals.<\/p><p>MM Cereais uses financial intelligence, business strategies and passionate professionals to deliver the best solution to customers and partners, with the aim of cultivating long-term relationships. Committed to responsible business development, providing a favorable environment that encourages good operational, financial and socio-environmental practices throughout its chain.<\/p><p>Since the beginning, MM Com\u00e9rcio de Cereais has stood out for its commitment to quality, ethics and good relationships with customers and partners.<\/p><p>We believe that we can contribute to society, producing positive impacts on people&#039;s lives, providing growth and evolution for everyone close to us.<\/p><p>More than a cereal trading company, we are a partner committed to the success of our customers and the sustainable growth of agribusiness.<\/p>\t\t\t\t\t\t\t\t<\/div>\n\t\t\t\t<\/div>\n\t\t\t\t\t<\/div>\n\t\t\t\t<\/div>\n\t\t\t\t<\/div>\n\t\t<\/div>\n\t\t\t\t\t\t<\/div>\n\t\t\t\t<\/div>\n\t\t<div class=\"elementor-element elementor-element-4cf79489 e-con-full e-flex e-con e-parent\" data-id=\"4cf79489\" data-element_type=\"container\" data-settings=\"{&quot;background_background&quot;:&quot;classic&quot;}\">\n\t\t\t\t<div class=\"elementor-element elementor-element-6071568c elementor-widget elementor-widget-shortcode\" data-id=\"6071568c\" data-element_type=\"widget\" data-widget_type=\"shortcode.default\">\n\t\t\t\t\t\t\t<div class=\"elementor-shortcode\">\t\t<div data-elementor-type=\"section\" data-elementor-id=\"24271\" class=\"elementor elementor-24271\" data-elementor-post-type=\"elementor_library\">\n\t\t\t<div class=\"elementor-element elementor-element-135a7907 e-flex e-con-boxed elementor-invisible e-con e-parent\" data-id=\"135a7907\" data-element_type=\"container\" data-settings=\"{&quot;background_background&quot;:&quot;classic&quot;,&quot;animation&quot;:&quot;fadeInUp&quot;}\">\n\t\t\t\t\t<div class=\"e-con-inner\">\n\t\t\t\t<div class=\"elementor-element elementor-element-1e59d3e4 sc_height_small elementor-widget elementor-widget-spacer\" data-id=\"1e59d3e4\" data-element_type=\"widget\" data-widget_type=\"spacer.default\">\n\t\t\t\t\t\t\t<div class=\"elementor-spacer\">\n\t\t\t<div class=\"elementor-spacer-inner\"><\/div>\n\t\t<\/div>\n\t\t\t\t\t\t<\/div>\n\t\t\t\t<div class=\"elementor-element elementor-element-6fdc0bd8 elementor-widget elementor-widget-image\" data-id=\"6fdc0bd8\" data-element_type=\"widget\" data-widget_type=\"image.default\">\n\t\t\t\t\t\t\t\t\t\t\t\t\t\t\t<img decoding=\"async\" width=\"220\" height=\"35\" src=\"https:\/\/mmcereais.com.br\/wp-content\/uploads\/2025\/02\/divider-center-green_220x35.png\" class=\"attachment-large size-large wp-image-22464\" alt=\"\" srcset=\"https:\/\/mmcereais.com.br\/wp-content\/uploads\/2025\/02\/divider-center-green_220x35.png 220w, https:\/\/mmcereais.com.br\/wp-content\/uploads\/2025\/02\/divider-center-green_220x35-18x3.png 18w\" sizes=\"(max-width: 220px) 100vw, 220px\" \/>\t\t\t\t\t\t\t\t\t\t\t\t\t\t\t<\/div>\n\t\t\t\t\t<\/div>\n\t\t\t\t<\/div>\n\t\t<div class=\"elementor-element elementor-element-fa4d78c e-flex e-con-boxed e-con e-parent\" data-id=\"fa4d78c\" data-element_type=\"container\" data-settings=\"{&quot;background_background&quot;:&quot;classic&quot;}\">\n\t\t\t\t\t<div class=\"e-con-inner\">\n\t\t<div class=\"elementor-element elementor-element-50b06980 e-con-full e-flex e-con e-child\" data-id=\"50b06980\" data-element_type=\"container\">\n\t\t<div class=\"elementor-element elementor-element-791350dc e-con-full e-flex e-con e-child\" data-id=\"791350dc\" data-element_type=\"container\">\n\t\t\t\t<div class=\"elementor-element elementor-element-2047d522 animation_type_block sc_fly_static elementor-invisible elementor-widget elementor-widget-trx_sc_icons\" data-id=\"2047d522\" data-element_type=\"widget\" data-settings=\"{&quot;_animation&quot;:&quot;zoomIn&quot;}\" data-widget_type=\"trx_sc_icons.default\">\n\t\t\t\t<div class=\"elementor-widget-container\">\n\t\t\t\t\t<div \tclass=\"sc_icons sc_icons_common sc_icons_size_medium sc_align_center\" ><div class=\"sc_icons_item\"><div class=\"sc_icons_image\" ><img loading=\"lazy\" decoding=\"async\" src=\"\/\/mmcereais.com.br\/wp-content\/uploads\/2025\/02\/qualidadeAsset-2valores.png\" alt=\"Icon\" width=\"411\" height=\"411\"><\/div><div class=\"sc_icons_item_details\"><h4 class=\"sc_icons_item_title\"><span>Mission<\/span><\/h4><div class=\"sc_icons_item_description\"><span>Promote intelligent and efficient negotiations, focusing on quality, ethics, transparency and strengthening relationships with our partners and customers.<\/span><\/div><\/div><\/div><\/div><!-- \/.sc_icons -->\t\t\t\t<\/div>\n\t\t\t\t<\/div>\n\t\t\t\t<\/div>\n\t\t<div class=\"elementor-element elementor-element-70fef6d5 e-con-full e-flex elementor-invisible e-con e-child\" data-id=\"70fef6d5\" data-element_type=\"container\" data-settings=\"{&quot;animation&quot;:&quot;zoomIn&quot;,&quot;animation_delay&quot;:800}\">\n\t\t\t\t<div class=\"elementor-element elementor-element-7e4ba706 elementor-widget elementor-widget-spacer\" data-id=\"7e4ba706\" data-element_type=\"widget\" data-widget_type=\"spacer.default\">\n\t\t\t\t\t\t\t<div class=\"elementor-spacer\">\n\t\t\t<div class=\"elementor-spacer-inner\"><\/div>\n\t\t<\/div>\n\t\t\t\t\t\t<\/div>\n\t\t\t\t<div class=\"elementor-element elementor-element-77b2a4f5 sc_fly_static elementor-widget elementor-widget-trx_sc_icons\" data-id=\"77b2a4f5\" data-element_type=\"widget\" data-widget_type=\"trx_sc_icons.default\">\n\t\t\t\t<div class=\"elementor-widget-container\">\n\t\t\t\t\t<div \tclass=\"sc_icons sc_icons_common sc_icons_size_medium sc_align_center\" ><div class=\"sc_icons_item\"><div class=\"sc_icons_image\" ><img loading=\"lazy\" decoding=\"async\" src=\"\/\/mmcereais.com.br\/wp-content\/uploads\/2025\/02\/responsabilidadeAsset-2valores.png\" alt=\"Icon\" width=\"411\" height=\"411\"><\/div><div class=\"sc_icons_item_details\"><h4 class=\"sc_icons_item_title\"><span>Vision<\/span><\/h4><div class=\"sc_icons_item_description\"><span>To be a national reference in the marketing of grains and cereals, promoting and strengthening relationships with our partners and customers, always with ethics, transparency and quality.<\/span><\/div><\/div><\/div><\/div><!-- \/.sc_icons -->\t\t\t\t<\/div>\n\t\t\t\t<\/div>\n\t\t\t\t<\/div>\n\t\t<div class=\"elementor-element elementor-element-56b84248 e-con-full e-flex elementor-invisible e-con e-child\" data-id=\"56b84248\" data-element_type=\"container\" data-settings=\"{&quot;animation&quot;:&quot;zoomIn&quot;,&quot;animation_delay&quot;:1444}\">\n\t\t\t\t<div class=\"elementor-element elementor-element-4a4757ac sc_fly_static elementor-widget elementor-widget-trx_sc_icons\" data-id=\"4a4757ac\" data-element_type=\"widget\" data-widget_type=\"trx_sc_icons.default\">\n\t\t\t\t<div class=\"elementor-widget-container\">\n\t\t\t\t\t<div \tclass=\"sc_icons sc_icons_common sc_icons_size_medium sc_align_center\" ><div class=\"sc_icons_item\"><div class=\"sc_icons_image\" ><img loading=\"lazy\" decoding=\"async\" src=\"\/\/mmcereais.com.br\/wp-content\/uploads\/2025\/02\/comprometimentoAsset-3valores.png\" alt=\"Icon\" width=\"411\" height=\"411\"><\/div><div class=\"sc_icons_item_details\"><h4 class=\"sc_icons_item_title\"><span>Values<\/span><\/h4><div class=\"sc_icons_item_description\"><span>Foster strategic and trustworthy relationships, with ethics and respect, promoting innovative solutions and efficient and sustainable negotiations.<\/span><\/div><\/div><\/div><\/div><!-- \/.sc_icons -->\t\t\t\t<\/div>\n\t\t\t\t<\/div>\n\t\t\t\t<\/div>\n\t\t\t\t<\/div>\n\t\t\t\t<div class=\"elementor-element elementor-element-f3dff80 sc_height_small elementor-widget elementor-widget-spacer\" data-id=\"f3dff80\" data-element_type=\"widget\" data-widget_type=\"spacer.default\">\n\t\t\t\t\t\t\t<div class=\"elementor-spacer\">\n\t\t\t<div class=\"elementor-spacer-inner\"><\/div>\n\t\t<\/div>\n\t\t\t\t\t\t<\/div>\n\t\t\t\t\t<\/div>\n\t\t\t\t<\/div>\n\t\t<div class=\"elementor-element elementor-element-1f6b1a4 e-flex e-con-boxed e-con e-parent\" data-id=\"1f6b1a4\" data-element_type=\"container\">\n\t\t\t\t\t<div class=\"e-con-inner\">\n\t\t\t\t\t<\/div>\n\t\t\t\t<\/div>\n\t\t\t\t<\/div>\n\t\t<\/div>\n\t\t\t\t\t\t<\/div>\n\t\t\t\t<\/div>\n\t\t\t\t<\/div>","protected":false},"excerpt":{"rendered":"<p>Procurando por uma corretora de gr\u00e3os de confian\u00e7a? Agro Xing\u00fa \u00e9 sua melhor escolha! Especializados em gr\u00e3os de alta qualidade para diversas ind\u00fastrias, oferecemos solu\u00e7\u00f5es personalizadas e rigoroso controle de qualidade em cada etapa do processo. Nossa miss\u00e3o \u00e9 fornecer os melhores produtos dispon\u00edveis no mercado, garantindo a seguran\u00e7a e conformidade com as regulamenta\u00e7\u00f5es vigentes. Junte-se a n\u00f3s e colha resultados juntos!<\/p>","protected":false},"author":1,"featured_media":22323,"parent":0,"menu_order":0,"comment_status":"closed","ping_status":"closed","template":"","meta":{"footnotes":""},"class_list":["post-22905","page","type-page","status-publish","has-post-thumbnail","hentry"],"_links":{"self":[{"href":"https:\/\/mmcereais.com.br\/en\/wp-json\/wp\/v2\/pages\/22905","targetHints":{"allow":["GET"]}}],"collection":[{"href":"https:\/\/mmcereais.com.br\/en\/wp-json\/wp\/v2\/pages"}],"about":[{"href":"https:\/\/mmcereais.com.br\/en\/wp-json\/wp\/v2\/types\/page"}],"author":[{"embeddable":true,"href":"https:\/\/mmcereais.com.br\/en\/wp-json\/wp\/v2\/users\/1"}],"replies":[{"embeddable":true,"href":"https:\/\/mmcereais.com.br\/en\/wp-json\/wp\/v2\/comments?post=22905"}],"version-history":[{"count":64,"href":"https:\/\/mmcereais.com.br\/en\/wp-json\/wp\/v2\/pages\/22905\/revisions"}],"predecessor-version":[{"id":24576,"href":"https:\/\/mmcereais.com.br\/en\/wp-json\/wp\/v2\/pages\/22905\/revisions\/24576"}],"wp:featuredmedia":[{"embeddable":true,"href":"https:\/\/mmcereais.com.br\/en\/wp-json\/wp\/v2\/media\/22323"}],"wp:attachment":[{"href":"https:\/\/mmcereais.com.br\/en\/wp-json\/wp\/v2\/media?parent=22905"}],"curies":[{"name":"wp","href":"https:\/\/api.w.org\/{rel}","templated":true}]}}